{"id":488,"date":"2022-02-26T20:14:11","date_gmt":"2022-02-26T20:14:11","guid":{"rendered":"https:\/\/galhardete.com.br\/?page_id=488"},"modified":"2022-04-21T12:50:35","modified_gmt":"2022-04-21T12:50:35","slug":"fabrica_de_galhardete","status":"publish","type":"page","link":"https:\/\/galhardete.com.br\/?page_id=488","title":{"rendered":"Galhardete"},"content":{"rendered":"\n<div class=\"wp-block-cover alignfull\" style=\"min-height:300px;aspect-ratio:unset;\"><span aria-hidden=\"true\" class=\"has-nv-site-bg-background-color has-background-dim-100 wp-block-cover__gradient-background has-background-dim\"><\/span><div class=\"wp-block-cover__inner-container is-layout-flow wp-block-cover-is-layout-flow\">\n<div class=\"wp-block-group\"><div class=\"wp-block-group__inner-container is-layout-flow wp-block-group-is-layout-flow\">\n<h1 class=\"has-text-align-left has-neve-text-color-color has-text-color wp-block-heading\">Galhardete<\/h1>\n<\/div><\/div>\n<\/div><\/div>\n\n\n\n<div class=\"wp-block-cover alignfull\" style=\"min-height:600px;aspect-ratio:unset;\"><span aria-hidden=\"true\" class=\"has-nv-light-bg-background-color has-background-dim-100 wp-block-cover__gradient-background has-background-dim\"><\/span><div class=\"wp-block-cover__inner-container is-layout-flow wp-block-cover-is-layout-flow\">\n<div class=\"wp-block-group\"><div class=\"wp-block-group__inner-container is-layout-flow wp-block-group-is-layout-flow\">\n<div style=\"height:80px\" aria-hidden=\"true\" class=\"wp-block-spacer\"><\/div>\n\n\n\n<div class=\"wp-block-columns are-vertically-aligned-center is-layout-flex wp-container-core-columns-is-layout-9d6595d7 wp-block-columns-is-layout-flex\">\n<div class=\"wp-block-column is-vertically-aligned-center is-layout-flow wp-block-column-is-layout-flow\" style=\"flex-basis:50%\">\n<figure class=\"wp-block-image size-full\"><a href=\"https:\/\/www.instagram.com\/wgil_bandeiras\/\"><img loading=\"lazy\" decoding=\"async\" width=\"600\" height=\"600\" src=\"https:\/\/galhardete.com.br\/wp-content\/uploads\/2022\/02\/Galhardete2.jpg\" alt=\"\" class=\"wp-image-493\" srcset=\"https:\/\/galhardete.com.br\/wp-content\/uploads\/2022\/02\/Galhardete2.jpg 600w, https:\/\/galhardete.com.br\/wp-content\/uploads\/2022\/02\/Galhardete2-300x300.jpg 300w, https:\/\/galhardete.com.br\/wp-content\/uploads\/2022\/02\/Galhardete2-150x150.jpg 150w\" sizes=\"auto, (max-width: 600px) 100vw, 600px\" \/><\/a><\/figure>\n<\/div>\n\n\n\n<div class=\"wp-block-column is-vertically-aligned-center is-layout-flow wp-block-column-is-layout-flow\" style=\"flex-basis:50%\">\n<h2 class=\"has-neve-text-color-color has-text-color wp-block-heading\">F\u00e1brica de Galhardete em BH<\/h2>\n\n\n\n<p class=\"has-neve-text-color-color has-text-color\">Em primeiro lugar nossa f\u00e1brica de Galhardete em BH produz os melhores galhardetes em Cetim ou Poli\u00e9ster. <\/p>\n\n\n\n<p class=\"has-neve-text-color-color has-text-color\">Al\u00e9m disso nossos galhardetes podem ser face simples ou face dupla.<\/p>\n\n\n\n<p class=\"has-neve-text-color-color has-text-color\">Finalmente podem ser fabricadas com as logos estampadas ou bordadas.<\/p>\n<\/div>\n<\/div>\n\n\n\n<div style=\"height:40px\" aria-hidden=\"true\" class=\"wp-block-spacer\"><\/div>\n<\/div><\/div>\n<\/div><\/div>\n\n\n\n<div class=\"wp-block-cover alignfull\" style=\"min-height:600px;aspect-ratio:unset;\"><span aria-hidden=\"true\" class=\"has-nv-dark-bg-background-color has-background-dim-100 wp-block-cover__gradient-background has-background-dim\"><\/span><div class=\"wp-block-cover__inner-container is-layout-flow wp-block-cover-is-layout-flow\">\n<div class=\"wp-block-group\"><div class=\"wp-block-group__inner-container is-layout-flow wp-block-group-is-layout-flow\">\n<div style=\"height:80px\" aria-hidden=\"true\" class=\"wp-block-spacer\"><\/div>\n\n\n\n<div class=\"wp-block-columns are-vertically-aligned-center is-layout-flex wp-container-core-columns-is-layout-9d6595d7 wp-block-columns-is-layout-flex\">\n<div class=\"wp-block-column is-vertically-aligned-center is-layout-flow wp-block-column-is-layout-flow\" style=\"flex-basis:50%\">\n<h2 class=\"has-nv-text-dark-bg-color has-text-color wp-block-heading\">Formato de nossos Galhardetes<\/h2>\n\n\n\n<p class=\"has-nv-text-dark-bg-color has-text-color\">Entre os modelos produzidos de galhardetes, podemos destacar os seguintes modelos:<\/p>\n\n\n\n<ul class=\"wp-block-list\"><li>Bandeira<\/li><\/ul>\n\n\n\n<ul class=\"wp-block-list\"><li>Farpado<\/li><\/ul>\n\n\n\n<ul class=\"wp-block-list\"><li>Trapezoidal<\/li><\/ul>\n\n\n\n<ul class=\"wp-block-list\"><li>Cl\u00e1ssico<\/li><\/ul>\n\n\n\n<ul class=\"wp-block-list\"><li>Triangular<\/li><\/ul>\n\n\n\n<ul class=\"wp-block-list\"><li>Fl\u00e2mula<\/li><\/ul>\n\n\n\n<ul class=\"wp-block-list\"><li>Su\u00ed\u00e7o<\/li><\/ul>\n\n\n\n<div style=\"height:20px\" aria-hidden=\"true\" class=\"wp-block-spacer\"><\/div>\n\n\n\n<div class=\"wp-block-buttons is-layout-flex wp-block-buttons-is-layout-flex\">\n<div class=\"wp-block-button is-style-primary\"><a class=\"wp-block-button__link\" href=\"https:\/\/galhardete.com.br\/?page_id=75\">VAMOS CONVERSAR ?<\/a><\/div>\n<\/div>\n\n\n\n<div style=\"height:20px\" aria-hidden=\"true\" class=\"wp-block-spacer\"><\/div>\n<\/div>\n\n\n\n<div class=\"wp-block-column is-vertically-aligned-center is-layout-flow wp-block-column-is-layout-flow\" style=\"flex-basis:50%\">\n<figure class=\"wp-block-image size-full\"><img loading=\"lazy\" decoding=\"async\" width=\"600\" height=\"600\" src=\"https:\/\/galhardete.com.br\/wp-content\/uploads\/2022\/02\/Formas_mais_comuns-2.jpg\" alt=\"\" class=\"wp-image-504\" srcset=\"https:\/\/galhardete.com.br\/wp-content\/uploads\/2022\/02\/Formas_mais_comuns-2.jpg 600w, https:\/\/galhardete.com.br\/wp-content\/uploads\/2022\/02\/Formas_mais_comuns-2-300x300.jpg 300w, https:\/\/galhardete.com.br\/wp-content\/uploads\/2022\/02\/Formas_mais_comuns-2-150x150.jpg 150w\" sizes=\"auto, (max-width: 600px) 100vw, 600px\" \/><\/figure>\n<\/div>\n<\/div>\n\n\n\n<div style=\"height:40px\" aria-hidden=\"true\" class=\"wp-block-spacer\"><\/div>\n<\/div><\/div>\n<\/div><\/div>\n\n\n\n<div class=\"wp-block-cover alignfull\" style=\"min-height:420px;aspect-ratio:unset;\"><span aria-hidden=\"true\" class=\"has-nv-site-bg-background-color has-background-dim-100 wp-block-cover__gradient-background has-background-dim\"><\/span><div class=\"wp-block-cover__inner-container is-layout-flow wp-block-cover-is-layout-flow\">\n<div style=\"height:80px\" aria-hidden=\"true\" class=\"wp-block-spacer\"><\/div>\n\n\n\n<div class=\"wp-block-columns is-layout-flex wp-container-core-columns-is-layout-9d6595d7 wp-block-columns-is-layout-flex\">\n<div class=\"wp-block-column ticss-4ce656f1 is-layout-flow wp-block-column-is-layout-flow\">\n<figure class=\"wp-block-image size-full icon-style is-style-rounded\"><a href=\"https:\/\/galhardete.com.br\/?page_id=488\"><img loading=\"lazy\" decoding=\"async\" width=\"70\" height=\"70\" src=\"https:\/\/galhardete.com.br\/wp-content\/uploads\/2022\/02\/neve-webdesign-GB-03.png\" alt=\"\" class=\"wp-image-367\"\/><\/a><\/figure>\n\n\n\n<h3 class=\"has-text-align-left has-text-align-center has-neve-text-color-color has-text-color wp-block-heading\">Galhardete<\/h3>\n\n\n\n<p class=\"has-text-align-left has-neve-text-color-color has-text-color\" style=\"font-size:15px\">Galhardetes personalizados para institui\u00e7\u00f5es, associa\u00e7\u00f5es, organismos ou clubes..<\/p>\n\n\n\n<div style=\"height:20px\" aria-hidden=\"true\" class=\"wp-block-spacer\"><\/div>\n<\/div>\n\n\n\n<div class=\"wp-block-column ticss-f6fc7494 is-layout-flow wp-block-column-is-layout-flow\">\n<figure class=\"wp-block-image size-full icon-style is-style-rounded\"><a href=\"https:\/\/galhardete.com.br\/?page_id=61\"><img loading=\"lazy\" decoding=\"async\" width=\"70\" height=\"70\" src=\"https:\/\/galhardete.com.br\/wp-content\/uploads\/2022\/02\/neve-webdesign-GB-04.png\" alt=\"\" class=\"wp-image-368\"\/><\/a><\/figure>\n\n\n\n<h3 class=\"has-text-align-left has-text-align-center has-neve-text-color-color has-text-color wp-block-heading\">Bandeiras<\/h3>\n\n\n\n<p class=\"has-text-align-left has-neve-text-color-color has-text-color\" style=\"font-size:15px\">Bandeiras oficiais com qualidade e pre\u00e7o justo.<\/p>\n\n\n\n<div style=\"height:20px\" aria-hidden=\"true\" class=\"wp-block-spacer\"><\/div>\n<\/div>\n\n\n\n<div class=\"wp-block-column ticss-a5b4df29 is-layout-flow wp-block-column-is-layout-flow\">\n<figure class=\"wp-block-image size-full icon-style is-style-rounded\"><a href=\"https:\/\/galhardete.com.br\/?page_id=553\"><img loading=\"lazy\" decoding=\"async\" width=\"70\" height=\"70\" src=\"https:\/\/galhardete.com.br\/wp-content\/uploads\/2022\/02\/neve-webdesign-GB-01.png\" alt=\"\" class=\"wp-image-366\"\/><\/a><\/figure>\n\n\n\n<h3 class=\"has-text-align-left has-text-align-center has-neve-text-color-color has-text-color wp-block-heading\">Produtos Personalizados<\/h3>\n\n\n\n<p class=\"has-text-align-left has-neve-text-color-color has-text-color\" style=\"font-size:15px\">Bandeiras, Galhardetes, Fl\u00e2mulas, Wind banners, camisas, sacolas e diversos outros produtos personalizados.<\/p>\n\n\n\n<div style=\"height:20px\" aria-hidden=\"true\" class=\"wp-block-spacer\"><\/div>\n<\/div>\n<\/div>\n\n\n\n<div style=\"height:30px\" aria-hidden=\"true\" class=\"wp-block-spacer\"><\/div>\n<\/div><\/div>\n\n\n\n<div class=\"wp-block-cover alignfull\" style=\"min-height:600px;aspect-ratio:unset;\"><span aria-hidden=\"true\" class=\"has-nv-light-bg-background-color has-background-dim-100 wp-block-cover__gradient-background has-background-dim\"><\/span><div class=\"wp-block-cover__inner-container is-layout-flow wp-block-cover-is-layout-flow\">\n<div class=\"wp-block-group\"><div class=\"wp-block-group__inner-container is-layout-flow wp-block-group-is-layout-flow\">\n<div style=\"height:80px\" aria-hidden=\"true\" class=\"wp-block-spacer\"><\/div>\n\n\n\n<div class=\"wp-block-columns is-layout-flex wp-container-core-columns-is-layout-9d6595d7 wp-block-columns-is-layout-flex\">\n<div class=\"wp-block-column is-layout-flow wp-block-column-is-layout-flow\">\n<div class=\"wp-block-image is-style-default\"><figure class=\"aligncenter size-full\"><img loading=\"lazy\" decoding=\"async\" width=\"400\" height=\"402\" src=\"https:\/\/galhardete.com.br\/wp-content\/uploads\/2022\/02\/Galhardete_bandeira-1.jpg\" alt=\"\" class=\"wp-image-518\" srcset=\"https:\/\/galhardete.com.br\/wp-content\/uploads\/2022\/02\/Galhardete_bandeira-1.jpg 400w, https:\/\/galhardete.com.br\/wp-content\/uploads\/2022\/02\/Galhardete_bandeira-1-150x150.jpg 150w\" sizes=\"auto, (max-width: 400px) 100vw, 400px\" \/><\/figure><\/div>\n\n\n\n<h3 class=\"has-text-align-center has-neve-text-color-color has-text-color wp-block-heading\">Galhardete bandeira<\/h3>\n\n\n\n<p class=\"has-text-align-center has-neve-text-color-color has-text-color\">Perfeito para gabinetes militares<\/p>\n\n\n\n<div style=\"height:40px\" aria-hidden=\"true\" class=\"wp-block-spacer\"><\/div>\n<\/div>\n\n\n\n<div class=\"wp-block-column is-layout-flow wp-block-column-is-layout-flow\">\n<div class=\"wp-block-image is-style-default\"><figure class=\"aligncenter size-full\"><img loading=\"lazy\" decoding=\"async\" width=\"400\" height=\"400\" src=\"https:\/\/galhardete.com.br\/wp-content\/uploads\/2022\/02\/Galhardete_farpado.jpg\" alt=\"\" class=\"wp-image-514\" srcset=\"https:\/\/galhardete.com.br\/wp-content\/uploads\/2022\/02\/Galhardete_farpado.jpg 400w, https:\/\/galhardete.com.br\/wp-content\/uploads\/2022\/02\/Galhardete_farpado-300x300.jpg 300w, https:\/\/galhardete.com.br\/wp-content\/uploads\/2022\/02\/Galhardete_farpado-150x150.jpg 150w\" sizes=\"auto, (max-width: 400px) 100vw, 400px\" \/><\/figure><\/div>\n\n\n\n<h3 class=\"has-text-align-center has-neve-text-color-color has-text-color wp-block-heading\">Galhardete farpado<\/h3>\n\n\n\n<p class=\"has-text-align-center has-neve-text-color-color has-text-color\">Comunica\u00e7\u00e3o naval<\/p>\n\n\n\n<div style=\"height:40px\" aria-hidden=\"true\" class=\"wp-block-spacer\"><\/div>\n<\/div>\n\n\n\n<div class=\"wp-block-column is-layout-flow wp-block-column-is-layout-flow\">\n<div class=\"wp-block-image is-style-default\"><figure class=\"aligncenter size-full\"><img loading=\"lazy\" decoding=\"async\" width=\"400\" height=\"400\" src=\"https:\/\/galhardete.com.br\/wp-content\/uploads\/2022\/02\/Galhardete_trapezoidal.jpg\" alt=\"\" class=\"wp-image-531\" srcset=\"https:\/\/galhardete.com.br\/wp-content\/uploads\/2022\/02\/Galhardete_trapezoidal.jpg 400w, https:\/\/galhardete.com.br\/wp-content\/uploads\/2022\/02\/Galhardete_trapezoidal-300x300.jpg 300w, https:\/\/galhardete.com.br\/wp-content\/uploads\/2022\/02\/Galhardete_trapezoidal-150x150.jpg 150w\" sizes=\"auto, (max-width: 400px) 100vw, 400px\" \/><\/figure><\/div>\n\n\n\n<h3 class=\"has-text-align-center has-neve-text-color-color has-text-color wp-block-heading\">Galhardete trapezoidal<\/h3>\n\n\n\n<p class=\"has-text-align-center has-neve-text-color-color has-text-color\">Comunica\u00e7\u00e3o naval <\/p>\n\n\n\n<div style=\"height:40px\" aria-hidden=\"true\" class=\"wp-block-spacer\"><\/div>\n<\/div>\n\n\n\n<div class=\"wp-block-column is-layout-flow wp-block-column-is-layout-flow\">\n<div class=\"wp-block-image is-style-default\"><figure class=\"aligncenter size-full\"><img loading=\"lazy\" decoding=\"async\" width=\"400\" height=\"400\" src=\"https:\/\/galhardete.com.br\/wp-content\/uploads\/2022\/02\/Galhardete_classico.jpg\" alt=\"\" class=\"wp-image-529\" srcset=\"https:\/\/galhardete.com.br\/wp-content\/uploads\/2022\/02\/Galhardete_classico.jpg 400w, https:\/\/galhardete.com.br\/wp-content\/uploads\/2022\/02\/Galhardete_classico-300x300.jpg 300w, https:\/\/galhardete.com.br\/wp-content\/uploads\/2022\/02\/Galhardete_classico-150x150.jpg 150w\" sizes=\"auto, (max-width: 400px) 100vw, 400px\" \/><\/figure><\/div>\n\n\n\n<h3 class=\"has-text-align-center has-neve-text-color-color has-text-color wp-block-heading\">Galhardete cl\u00e1ssico<\/h3>\n\n\n\n<p class=\"has-text-align-center has-neve-text-color-color has-text-color\">Indicado para clubes e organiza\u00e7\u00f5es<\/p>\n\n\n\n<div style=\"height:40px\" aria-hidden=\"true\" class=\"wp-block-spacer\"><\/div>\n<\/div>\n\n\n\n<div class=\"wp-block-column is-layout-flow wp-block-column-is-layout-flow\">\n<div class=\"wp-block-image is-style-default\"><figure class=\"aligncenter size-full\"><img loading=\"lazy\" decoding=\"async\" width=\"400\" height=\"400\" src=\"https:\/\/galhardete.com.br\/wp-content\/uploads\/2022\/02\/Galhardete_triangular-1.jpg\" alt=\"\" class=\"wp-image-522\" srcset=\"https:\/\/galhardete.com.br\/wp-content\/uploads\/2022\/02\/Galhardete_triangular-1.jpg 400w, https:\/\/galhardete.com.br\/wp-content\/uploads\/2022\/02\/Galhardete_triangular-1-300x300.jpg 300w, https:\/\/galhardete.com.br\/wp-content\/uploads\/2022\/02\/Galhardete_triangular-1-150x150.jpg 150w\" sizes=\"auto, (max-width: 400px) 100vw, 400px\" \/><\/figure><\/div>\n\n\n\n<h3 class=\"has-text-align-center has-neve-text-color-color has-text-color wp-block-heading\">Galhardete triangular<\/h3>\n\n\n\n<p class=\"has-text-align-center has-neve-text-color-color has-text-color\">Ideal para clubes n\u00e1uticos<\/p>\n\n\n\n<div style=\"height:40px\" aria-hidden=\"true\" class=\"wp-block-spacer\"><\/div>\n<\/div>\n\n\n\n<div class=\"wp-block-column is-layout-flow wp-block-column-is-layout-flow\">\n<div class=\"wp-block-image is-style-default\"><figure class=\"aligncenter size-full\"><img loading=\"lazy\" decoding=\"async\" width=\"400\" height=\"400\" src=\"https:\/\/galhardete.com.br\/wp-content\/uploads\/2022\/02\/Galhardete_flamula_2.jpg\" alt=\"\" class=\"wp-image-527\" srcset=\"https:\/\/galhardete.com.br\/wp-content\/uploads\/2022\/02\/Galhardete_flamula_2.jpg 400w, https:\/\/galhardete.com.br\/wp-content\/uploads\/2022\/02\/Galhardete_flamula_2-300x300.jpg 300w, https:\/\/galhardete.com.br\/wp-content\/uploads\/2022\/02\/Galhardete_flamula_2-150x150.jpg 150w\" sizes=\"auto, (max-width: 400px) 100vw, 400px\" \/><\/figure><\/div>\n\n\n\n<h3 class=\"has-text-align-center has-neve-text-color-color has-text-color wp-block-heading\">Galhardete flamula<\/h3>\n\n\n\n<p class=\"has-text-align-center has-neve-text-color-color has-text-color\">Competente na divulga\u00e7\u00e3o de empresas e neg\u00f3cios <\/p>\n\n\n\n<div style=\"height:40px\" aria-hidden=\"true\" class=\"wp-block-spacer\"><\/div>\n<\/div>\n\n\n\n<div class=\"wp-block-column is-layout-flow wp-block-column-is-layout-flow\">\n<div class=\"wp-block-image is-style-default\"><figure class=\"aligncenter size-full\"><img loading=\"lazy\" decoding=\"async\" width=\"400\" height=\"400\" src=\"https:\/\/galhardete.com.br\/wp-content\/uploads\/2022\/02\/Galhardete_Suico.jpg\" alt=\"\" class=\"wp-image-510\" srcset=\"https:\/\/galhardete.com.br\/wp-content\/uploads\/2022\/02\/Galhardete_Suico.jpg 400w, https:\/\/galhardete.com.br\/wp-content\/uploads\/2022\/02\/Galhardete_Suico-300x300.jpg 300w, https:\/\/galhardete.com.br\/wp-content\/uploads\/2022\/02\/Galhardete_Suico-150x150.jpg 150w\" sizes=\"auto, (max-width: 400px) 100vw, 400px\" \/><\/figure><\/div>\n\n\n\n<h3 class=\"has-text-align-center has-neve-text-color-color has-text-color wp-block-heading\">Galhardete su\u00ed\u00e7o<\/h3>\n\n\n\n<p class=\"has-text-align-center has-neve-text-color-color has-text-color\">Indicado para clubes e organiza\u00e7\u00f5es<\/p>\n\n\n\n<div style=\"height:40px\" aria-hidden=\"true\" class=\"wp-block-spacer\"><\/div>\n<\/div>\n<\/div>\n\n\n\n<div style=\"height:40px\" aria-hidden=\"true\" class=\"wp-block-spacer\"><\/div>\n<\/div><\/div>\n<\/div><\/div>\n","protected":false},"excerpt":{"rendered":"","protected":false},"author":1,"featured_media":0,"parent":0,"menu_order":0,"comment_status":"closed","ping_status":"closed","template":"","meta":{"_acf_changed":false,"neve_meta_sidebar":"default","neve_meta_container":"default","neve_meta_enable_content_width":"on","neve_meta_content_width":100,"neve_meta_title_alignment":"","neve_meta_author_avatar":"","neve_post_elements_order":"","neve_meta_disable_header":"","neve_meta_disable_footer":"","neve_meta_disable_title":"on","_joinchat":[],"footnotes":""},"class_list":["post-488","page","type-page","status-publish","hentry"],"acf":[],"yoast_head":"<!-- This site is optimized with the Yoast SEO plugin v27.5 - https:\/\/yoast.com\/product\/yoast-seo-wordpress\/ -->\n<title>Galhardete - Banderminas<\/title>\n<meta name=\"description\" content=\"Fabrica de galhardete em BH. Galhardete em diversos formatos e tecidos. Galhardetes para navega\u00e7\u00e3o e clubes n\u00e1uticos.\" \/>\n<meta name=\"robots\" content=\"index, follow, max-snippet:-1, max-image-preview:large, max-video-preview:-1\" \/>\n<link rel=\"canonical\" href=\"https:\/\/galhardete.com.br\/?page_id=488\" \/>\n<meta property=\"og:locale\" content=\"pt_BR\" \/>\n<meta property=\"og:type\" content=\"article\" \/>\n<meta property=\"og:title\" content=\"Galhardete - Banderminas\" \/>\n<meta property=\"og:description\" content=\"Fabrica de galhardete em BH. Galhardete em diversos formatos e tecidos. Galhardetes para navega\u00e7\u00e3o e clubes n\u00e1uticos.\" \/>\n<meta property=\"og:url\" content=\"https:\/\/galhardete.com.br\/?page_id=488\" \/>\n<meta property=\"og:site_name\" content=\"Banderminas\" \/>\n<meta property=\"article:publisher\" content=\"https:\/\/pt-br.facebook.com\/numero1bandeiras\/\" \/>\n<meta property=\"article:modified_time\" content=\"2022-04-21T12:50:35+00:00\" \/>\n<meta property=\"og:image\" content=\"https:\/\/galhardete.com.br\/wp-content\/uploads\/2022\/02\/Galhardete2.jpg\" \/>\n<meta name=\"twitter:card\" content=\"summary_large_image\" \/>\n<meta name=\"twitter:label1\" content=\"Est. tempo de leitura\" \/>\n\t<meta name=\"twitter:data1\" content=\"4 minutos\" \/>\n<!-- \/ Yoast SEO plugin. -->","yoast_head_json":{"title":"Galhardete - Banderminas","description":"Fabrica de galhardete em BH. Galhardete em diversos formatos e tecidos. Galhardetes para navega\u00e7\u00e3o e clubes n\u00e1uticos.","robots":{"index":"index","follow":"follow","max-snippet":"max-snippet:-1","max-image-preview":"max-image-preview:large","max-video-preview":"max-video-preview:-1"},"canonical":"https:\/\/galhardete.com.br\/?page_id=488","og_locale":"pt_BR","og_type":"article","og_title":"Galhardete - Banderminas","og_description":"Fabrica de galhardete em BH. Galhardete em diversos formatos e tecidos. Galhardetes para navega\u00e7\u00e3o e clubes n\u00e1uticos.","og_url":"https:\/\/galhardete.com.br\/?page_id=488","og_site_name":"Banderminas","article_publisher":"https:\/\/pt-br.facebook.com\/numero1bandeiras\/","article_modified_time":"2022-04-21T12:50:35+00:00","og_image":[{"url":"https:\/\/galhardete.com.br\/wp-content\/uploads\/2022\/02\/Galhardete2.jpg","type":"","width":"","height":""}],"twitter_card":"summary_large_image","twitter_misc":{"Est. tempo de leitura":"4 minutos"},"schema":{"@context":"https:\/\/schema.org","@graph":[{"@type":"WebPage","@id":"https:\/\/galhardete.com.br\/?page_id=488","url":"https:\/\/galhardete.com.br\/?page_id=488","name":"Galhardete - Banderminas","isPartOf":{"@id":"https:\/\/galhardete.com.br\/#website"},"primaryImageOfPage":{"@id":"https:\/\/galhardete.com.br\/?page_id=488#primaryimage"},"image":{"@id":"https:\/\/galhardete.com.br\/?page_id=488#primaryimage"},"thumbnailUrl":"https:\/\/galhardete.com.br\/wp-content\/uploads\/2022\/02\/Galhardete2.jpg","datePublished":"2022-02-26T20:14:11+00:00","dateModified":"2022-04-21T12:50:35+00:00","description":"Fabrica de galhardete em BH. Galhardete em diversos formatos e tecidos. Galhardetes para navega\u00e7\u00e3o e clubes n\u00e1uticos.","breadcrumb":{"@id":"https:\/\/galhardete.com.br\/?page_id=488#breadcrumb"},"inLanguage":"pt-BR","potentialAction":[{"@type":"ReadAction","target":["https:\/\/galhardete.com.br\/?page_id=488"]}]},{"@type":"ImageObject","inLanguage":"pt-BR","@id":"https:\/\/galhardete.com.br\/?page_id=488#primaryimage","url":"https:\/\/galhardete.com.br\/wp-content\/uploads\/2022\/02\/Galhardete2.jpg","contentUrl":"https:\/\/galhardete.com.br\/wp-content\/uploads\/2022\/02\/Galhardete2.jpg","width":600,"height":600,"caption":"F\u00e1brica de Galhardete"},{"@type":"BreadcrumbList","@id":"https:\/\/galhardete.com.br\/?page_id=488#breadcrumb","itemListElement":[{"@type":"ListItem","position":1,"name":"In\u00edcio","item":"https:\/\/galhardete.com.br\/"},{"@type":"ListItem","position":2,"name":"Galhardete"}]},{"@type":"WebSite","@id":"https:\/\/galhardete.com.br\/#website","url":"https:\/\/galhardete.com.br\/","name":"Banderminas","description":"A n\u00famero um em Bandeiras!!!!","publisher":{"@id":"https:\/\/galhardete.com.br\/#organization"},"potentialAction":[{"@type":"SearchAction","target":{"@type":"EntryPoint","urlTemplate":"https:\/\/galhardete.com.br\/?s={search_term_string}"},"query-input":{"@type":"PropertyValueSpecification","valueRequired":true,"valueName":"search_term_string"}}],"inLanguage":"pt-BR"},{"@type":"Organization","@id":"https:\/\/galhardete.com.br\/#organization","name":"Banderminas - Galhardete","url":"https:\/\/galhardete.com.br\/","logo":{"@type":"ImageObject","inLanguage":"pt-BR","@id":"https:\/\/galhardete.com.br\/#\/schema\/logo\/image\/","url":"https:\/\/galhardete.com.br\/wp-content\/uploads\/2022\/02\/logoeditavel.webp","contentUrl":"https:\/\/galhardete.com.br\/wp-content\/uploads\/2022\/02\/logoeditavel.webp","width":300,"height":235,"caption":"Banderminas - Galhardete"},"image":{"@id":"https:\/\/galhardete.com.br\/#\/schema\/logo\/image\/"},"sameAs":["https:\/\/pt-br.facebook.com\/numero1bandeiras\/","https:\/\/www.instagram.com\/wgil_bandeiras","https:\/\/www.linkedin.com\/company\/wgil-bandeiras\/"]}]}},"_links":{"self":[{"href":"https:\/\/galhardete.com.br\/index.php?rest_route=\/wp\/v2\/pages\/488","targetHints":{"allow":["GET"]}}],"collection":[{"href":"https:\/\/galhardete.com.br\/index.php?rest_route=\/wp\/v2\/pages"}],"about":[{"href":"https:\/\/galhardete.com.br\/index.php?rest_route=\/wp\/v2\/types\/page"}],"author":[{"embeddable":true,"href":"https:\/\/galhardete.com.br\/index.php?rest_route=\/wp\/v2\/users\/1"}],"replies":[{"embeddable":true,"href":"https:\/\/galhardete.com.br\/index.php?rest_route=%2Fwp%2Fv2%2Fcomments&post=488"}],"version-history":[{"count":30,"href":"https:\/\/galhardete.com.br\/index.php?rest_route=\/wp\/v2\/pages\/488\/revisions"}],"predecessor-version":[{"id":663,"href":"https:\/\/galhardete.com.br\/index.php?rest_route=\/wp\/v2\/pages\/488\/revisions\/663"}],"wp:attachment":[{"href":"https:\/\/galhardete.com.br\/index.php?rest_route=%2Fwp%2Fv2%2Fmedia&parent=488"}],"curies":[{"name":"wp","href":"https:\/\/api.w.org\/{rel}","templated":true}]}}