{"id":553,"date":"2022-02-27T12:53:35","date_gmt":"2022-02-27T12:53:35","guid":{"rendered":"https:\/\/galhardete.com.br\/?page_id=553"},"modified":"2022-04-21T12:51:45","modified_gmt":"2022-04-21T12:51:45","slug":"personalizados","status":"publish","type":"page","link":"https:\/\/galhardete.com.br\/?page_id=553","title":{"rendered":"Personalizados"},"content":{"rendered":"\n<div class=\"wp-block-cover alignfull\" style=\"min-height:300px;aspect-ratio:unset;\"><span aria-hidden=\"true\" class=\"has-nv-site-bg-background-color has-background-dim-100 wp-block-cover__gradient-background has-background-dim\"><\/span><div class=\"wp-block-cover__inner-container is-layout-flow wp-block-cover-is-layout-flow\">\n<div class=\"wp-block-group\"><div class=\"wp-block-group__inner-container is-layout-flow wp-block-group-is-layout-flow\">\n<h1 class=\"has-text-align-left has-neve-text-color-color has-text-color wp-block-heading\">Produtos Personalizados<\/h1>\n<\/div><\/div>\n<\/div><\/div>\n\n\n\n<div class=\"wp-block-cover alignfull\" style=\"min-height:600px;aspect-ratio:unset;\"><span aria-hidden=\"true\" class=\"has-nv-light-bg-background-color has-background-dim-100 wp-block-cover__gradient-background has-background-dim\"><\/span><div class=\"wp-block-cover__inner-container is-layout-flow wp-block-cover-is-layout-flow\">\n<div class=\"wp-block-group\"><div class=\"wp-block-group__inner-container is-layout-flow wp-block-group-is-layout-flow\">\n<div style=\"height:80px\" aria-hidden=\"true\" class=\"wp-block-spacer\"><\/div>\n\n\n\n<div class=\"wp-block-columns are-vertically-aligned-center is-layout-flex wp-container-core-columns-is-layout-9d6595d7 wp-block-columns-is-layout-flex\">\n<div class=\"wp-block-column is-vertically-aligned-center is-layout-flow wp-block-column-is-layout-flow\" style=\"flex-basis:50%\">\n<figure class=\"wp-block-image size-full\"><a href=\"https:\/\/www.instagram.com\/wgil_bandeiras\/\"><img loading=\"lazy\" decoding=\"async\" width=\"600\" height=\"600\" src=\"https:\/\/galhardete.com.br\/wp-content\/uploads\/2022\/02\/Windbanner.jpg\" alt=\"\" class=\"wp-image-562\" srcset=\"https:\/\/galhardete.com.br\/wp-content\/uploads\/2022\/02\/Windbanner.jpg 600w, https:\/\/galhardete.com.br\/wp-content\/uploads\/2022\/02\/Windbanner-300x300.jpg 300w, https:\/\/galhardete.com.br\/wp-content\/uploads\/2022\/02\/Windbanner-150x150.jpg 150w\" sizes=\"auto, (max-width: 600px) 100vw, 600px\" \/><\/a><\/figure>\n<\/div>\n\n\n\n<div class=\"wp-block-column is-vertically-aligned-center is-layout-flow wp-block-column-is-layout-flow\" style=\"flex-basis:50%\">\n<h2 class=\"has-neve-text-color-color has-text-color wp-block-heading\">O seu Windbanner est\u00e1 aqui<\/h2>\n\n\n\n<p class=\"has-neve-text-color-color has-text-color\">Compre agora seu Windbanner personalizado direto do fabricante com qualidade e durabilidade incompar\u00e1vel.<\/p>\n\n\n\n<p class=\"has-neve-text-color-color has-text-color\">Ao mesmo tempo voc\u00ea ter\u00e1 a sua disposi\u00e7\u00e3o uma linha completa de produtos personalizados como camisas, sacolas, bandeiras e bandeirolas.<\/p>\n<\/div>\n<\/div>\n\n\n\n<div style=\"height:40px\" aria-hidden=\"true\" class=\"wp-block-spacer\"><\/div>\n<\/div><\/div>\n<\/div><\/div>\n\n\n\n<div class=\"wp-block-cover alignfull\" style=\"min-height:600px;aspect-ratio:unset;\"><span aria-hidden=\"true\" class=\"has-nv-dark-bg-background-color has-background-dim-100 wp-block-cover__gradient-background has-background-dim\"><\/span><div class=\"wp-block-cover__inner-container is-layout-flow wp-block-cover-is-layout-flow\">\n<div class=\"wp-block-group\"><div class=\"wp-block-group__inner-container is-layout-flow wp-block-group-is-layout-flow\">\n<div style=\"height:80px\" aria-hidden=\"true\" class=\"wp-block-spacer\"><\/div>\n\n\n\n<div class=\"wp-block-columns are-vertically-aligned-center is-layout-flex wp-container-core-columns-is-layout-9d6595d7 wp-block-columns-is-layout-flex\">\n<div class=\"wp-block-column is-vertically-aligned-center is-layout-flow wp-block-column-is-layout-flow\" style=\"flex-basis:50%\">\n<h2 class=\"has-nv-text-dark-bg-color has-text-color wp-block-heading\">Conhe\u00e7a nossa linha de Produtos Personalizados<\/h2>\n\n\n\n<p class=\"has-nv-text-dark-bg-color has-text-color\">Entre os modelos produzidos por nossa fabrica, pode-se destacar os seguintes modelos:<\/p>\n\n\n\n<ul class=\"wp-block-list\"><li>Bandeira para igrejas<\/li><\/ul>\n\n\n\n<ul class=\"wp-block-list\"><li>Wind banners<\/li><\/ul>\n\n\n\n<ul class=\"wp-block-list\"><li>Camisas Personalizadas<\/li><\/ul>\n\n\n\n<ul class=\"wp-block-list\"><li>Sacolas Personalizadas (de tecido)<\/li><\/ul>\n\n\n\n<ul class=\"wp-block-list\"><li>Bandeiras de mesa<\/li><\/ul>\n\n\n\n<div style=\"height:20px\" aria-hidden=\"true\" class=\"wp-block-spacer\"><\/div>\n\n\n\n<div class=\"wp-block-buttons is-layout-flex wp-block-buttons-is-layout-flex\">\n<div class=\"wp-block-button is-style-primary\"><a class=\"wp-block-button__link\" href=\"https:\/\/galhardete.com.br\/?page_id=75\">VAMOS CONVERSAR ?<\/a><\/div>\n<\/div>\n\n\n\n<div style=\"height:20px\" aria-hidden=\"true\" class=\"wp-block-spacer\"><\/div>\n<\/div>\n\n\n\n<div class=\"wp-block-column is-vertically-aligned-center is-layout-flow wp-block-column-is-layout-flow\" style=\"flex-basis:50%\">\n<figure class=\"wp-block-image size-full\"><img loading=\"lazy\" decoding=\"async\" width=\"600\" height=\"600\" src=\"https:\/\/galhardete.com.br\/wp-content\/uploads\/2022\/02\/Bandeira_Igrejas.jpg\" alt=\"\" class=\"wp-image-564\" srcset=\"https:\/\/galhardete.com.br\/wp-content\/uploads\/2022\/02\/Bandeira_Igrejas.jpg 600w, https:\/\/galhardete.com.br\/wp-content\/uploads\/2022\/02\/Bandeira_Igrejas-300x300.jpg 300w, https:\/\/galhardete.com.br\/wp-content\/uploads\/2022\/02\/Bandeira_Igrejas-150x150.jpg 150w\" sizes=\"auto, (max-width: 600px) 100vw, 600px\" \/><\/figure>\n<\/div>\n<\/div>\n\n\n\n<div style=\"height:40px\" aria-hidden=\"true\" class=\"wp-block-spacer\"><\/div>\n<\/div><\/div>\n<\/div><\/div>\n\n\n\n<div class=\"wp-block-cover alignfull\" style=\"min-height:420px;aspect-ratio:unset;\"><span aria-hidden=\"true\" class=\"has-nv-site-bg-background-color has-background-dim-100 wp-block-cover__gradient-background has-background-dim\"><\/span><div class=\"wp-block-cover__inner-container is-layout-flow wp-block-cover-is-layout-flow\">\n<div style=\"height:80px\" aria-hidden=\"true\" class=\"wp-block-spacer\"><\/div>\n\n\n\n<div class=\"wp-block-columns is-layout-flex wp-container-core-columns-is-layout-9d6595d7 wp-block-columns-is-layout-flex\">\n<div class=\"wp-block-column ticss-4ce656f1 is-layout-flow wp-block-column-is-layout-flow\">\n<figure class=\"wp-block-image size-full icon-style is-style-rounded\"><a href=\"https:\/\/galhardete.com.br\/?page_id=488\"><img loading=\"lazy\" decoding=\"async\" width=\"70\" height=\"70\" src=\"https:\/\/galhardete.com.br\/wp-content\/uploads\/2022\/02\/neve-webdesign-GB-03.png\" alt=\"\" class=\"wp-image-367\"\/><\/a><\/figure>\n\n\n\n<h3 class=\"has-text-align-left has-text-align-center has-neve-text-color-color has-text-color wp-block-heading\">Galhardete<\/h3>\n\n\n\n<p class=\"has-text-align-left has-neve-text-color-color has-text-color\" style=\"font-size:15px\">Galhardetes personalizados para institui\u00e7\u00f5es, associa\u00e7\u00f5es, organismos ou clubes..<\/p>\n\n\n\n<div style=\"height:20px\" aria-hidden=\"true\" class=\"wp-block-spacer\"><\/div>\n<\/div>\n\n\n\n<div class=\"wp-block-column ticss-f6fc7494 is-layout-flow wp-block-column-is-layout-flow\">\n<figure class=\"wp-block-image size-full icon-style is-style-rounded\"><a href=\"https:\/\/galhardete.com.br\/?page_id=61\"><img loading=\"lazy\" decoding=\"async\" width=\"70\" height=\"70\" src=\"https:\/\/galhardete.com.br\/wp-content\/uploads\/2022\/02\/neve-webdesign-GB-04.png\" alt=\"\" class=\"wp-image-368\"\/><\/a><\/figure>\n\n\n\n<h3 class=\"has-text-align-left has-text-align-center has-neve-text-color-color has-text-color wp-block-heading\">Bandeiras<\/h3>\n\n\n\n<p class=\"has-text-align-left has-neve-text-color-color has-text-color\" style=\"font-size:15px\">Bandeiras oficiais com qualidade e pre\u00e7o justo.<\/p>\n\n\n\n<div style=\"height:20px\" aria-hidden=\"true\" class=\"wp-block-spacer\"><\/div>\n<\/div>\n\n\n\n<div class=\"wp-block-column ticss-a5b4df29 is-layout-flow wp-block-column-is-layout-flow\">\n<figure class=\"wp-block-image size-full icon-style is-style-rounded\"><img loading=\"lazy\" decoding=\"async\" width=\"70\" height=\"70\" src=\"https:\/\/galhardete.com.br\/wp-content\/uploads\/2022\/02\/neve-webdesign-GB-01.png\" alt=\"\" class=\"wp-image-366\"\/><\/figure>\n\n\n\n<h3 class=\"has-text-align-left has-text-align-center has-neve-text-color-color has-text-color wp-block-heading\">Produtos Personalizados<\/h3>\n\n\n\n<p class=\"has-text-align-left has-neve-text-color-color has-text-color\" style=\"font-size:15px\">Bandeiras, Galhardetes, Fl\u00e2mulas, Wind banners, camisas, sacolas e diversos outros produtos personalizados.<\/p>\n\n\n\n<div style=\"height:20px\" aria-hidden=\"true\" class=\"wp-block-spacer\"><\/div>\n<\/div>\n<\/div>\n\n\n\n<div style=\"height:30px\" aria-hidden=\"true\" class=\"wp-block-spacer\"><\/div>\n<\/div><\/div>\n\n\n\n<div class=\"wp-block-cover alignfull\" style=\"min-height:600px;aspect-ratio:unset;\"><span aria-hidden=\"true\" class=\"has-nv-light-bg-background-color has-background-dim-100 wp-block-cover__gradient-background has-background-dim\"><\/span><div class=\"wp-block-cover__inner-container is-layout-flow wp-block-cover-is-layout-flow\">\n<div class=\"wp-block-group\"><div class=\"wp-block-group__inner-container is-layout-flow wp-block-group-is-layout-flow\">\n<div style=\"height:80px\" aria-hidden=\"true\" class=\"wp-block-spacer\"><\/div>\n\n\n\n<div class=\"wp-block-columns is-layout-flex wp-container-core-columns-is-layout-9d6595d7 wp-block-columns-is-layout-flex\">\n<div class=\"wp-block-column is-layout-flow wp-block-column-is-layout-flow\">\n<div class=\"wp-block-image is-style-default\"><figure class=\"aligncenter size-full\"><img loading=\"lazy\" decoding=\"async\" width=\"600\" height=\"600\" src=\"https:\/\/galhardete.com.br\/wp-content\/uploads\/2022\/02\/Bandeira_Igrejas_4.jpg\" alt=\"\" class=\"wp-image-577\" srcset=\"https:\/\/galhardete.com.br\/wp-content\/uploads\/2022\/02\/Bandeira_Igrejas_4.jpg 600w, https:\/\/galhardete.com.br\/wp-content\/uploads\/2022\/02\/Bandeira_Igrejas_4-300x300.jpg 300w, https:\/\/galhardete.com.br\/wp-content\/uploads\/2022\/02\/Bandeira_Igrejas_4-150x150.jpg 150w\" sizes=\"auto, (max-width: 600px) 100vw, 600px\" \/><\/figure><\/div>\n\n\n\n<h3 class=\"has-text-align-center has-neve-text-color-color has-text-color wp-block-heading\">Bandeira para Igrejas<\/h3>\n\n\n\n<p class=\"has-text-align-center has-neve-text-color-color has-text-color\">Bandeira para igrejas e dan\u00e7a gospel<\/p>\n\n\n\n<div style=\"height:40px\" aria-hidden=\"true\" class=\"wp-block-spacer\"><\/div>\n<\/div>\n\n\n\n<div class=\"wp-block-column is-layout-flow wp-block-column-is-layout-flow\">\n<div class=\"wp-block-image is-style-default\"><figure class=\"aligncenter size-full\"><img loading=\"lazy\" decoding=\"async\" width=\"576\" height=\"510\" src=\"https:\/\/galhardete.com.br\/wp-content\/uploads\/2022\/02\/Windbanner_modelos.jpg\" alt=\"\" class=\"wp-image-581\" srcset=\"https:\/\/galhardete.com.br\/wp-content\/uploads\/2022\/02\/Windbanner_modelos.jpg 576w, https:\/\/galhardete.com.br\/wp-content\/uploads\/2022\/02\/Windbanner_modelos-300x266.jpg 300w\" sizes=\"auto, (max-width: 576px) 100vw, 576px\" \/><\/figure><\/div>\n\n\n\n<h3 class=\"has-text-align-center has-neve-text-color-color has-text-color wp-block-heading\">Wind banners<\/h3>\n\n\n\n<p class=\"has-text-align-center has-neve-text-color-color has-text-color\">Atraia mais clientes ao seu negocio com nossos Wind banners tipo pena, faca, vela e gota.<\/p>\n\n\n\n<div style=\"height:40px\" aria-hidden=\"true\" class=\"wp-block-spacer\"><\/div>\n<\/div>\n\n\n\n<div class=\"wp-block-column is-layout-flow wp-block-column-is-layout-flow\">\n<div class=\"wp-block-image is-style-default\"><figure class=\"aligncenter size-full\"><img loading=\"lazy\" decoding=\"async\" width=\"600\" height=\"600\" src=\"https:\/\/galhardete.com.br\/wp-content\/uploads\/2022\/02\/Camisas_Personalizada.jpg\" alt=\"\" class=\"wp-image-574\" srcset=\"https:\/\/galhardete.com.br\/wp-content\/uploads\/2022\/02\/Camisas_Personalizada.jpg 600w, https:\/\/galhardete.com.br\/wp-content\/uploads\/2022\/02\/Camisas_Personalizada-300x300.jpg 300w, https:\/\/galhardete.com.br\/wp-content\/uploads\/2022\/02\/Camisas_Personalizada-150x150.jpg 150w\" sizes=\"auto, (max-width: 600px) 100vw, 600px\" \/><\/figure><\/div>\n\n\n\n<h3 class=\"has-text-align-center has-neve-text-color-color has-text-color wp-block-heading\">Camisas Personalizadas<\/h3>\n\n\n\n<p class=\"has-text-align-center has-neve-text-color-color has-text-color\">Para times de futebol e agremia\u00e7\u00f5es <\/p>\n\n\n\n<div style=\"height:40px\" aria-hidden=\"true\" class=\"wp-block-spacer\"><\/div>\n<\/div>\n\n\n\n<div class=\"wp-block-column is-layout-flow wp-block-column-is-layout-flow\">\n<div class=\"wp-block-image is-style-default\"><figure class=\"aligncenter size-full\"><img loading=\"lazy\" decoding=\"async\" width=\"598\" height=\"600\" src=\"https:\/\/galhardete.com.br\/wp-content\/uploads\/2022\/02\/Sacolina_Personalizada.jpg\" alt=\"\" class=\"wp-image-586\" srcset=\"https:\/\/galhardete.com.br\/wp-content\/uploads\/2022\/02\/Sacolina_Personalizada.jpg 598w, https:\/\/galhardete.com.br\/wp-content\/uploads\/2022\/02\/Sacolina_Personalizada-300x300.jpg 300w, https:\/\/galhardete.com.br\/wp-content\/uploads\/2022\/02\/Sacolina_Personalizada-150x150.jpg 150w\" sizes=\"auto, (max-width: 598px) 100vw, 598px\" \/><\/figure><\/div>\n\n\n\n<h3 class=\"has-text-align-center has-neve-text-color-color has-text-color wp-block-heading\">Sacolas Personalizadas<\/h3>\n\n\n\n<p class=\"has-text-align-center has-neve-text-color-color has-text-color\">Perfeito para valorizar o seu produto ou evento<\/p>\n\n\n\n<div style=\"height:40px\" aria-hidden=\"true\" class=\"wp-block-spacer\"><\/div>\n<\/div>\n\n\n\n<div class=\"wp-block-column is-layout-flow wp-block-column-is-layout-flow\">\n<div class=\"wp-block-image is-style-default\"><figure class=\"aligncenter size-full\"><img loading=\"lazy\" decoding=\"async\" width=\"600\" height=\"600\" src=\"https:\/\/galhardete.com.br\/wp-content\/uploads\/2022\/02\/Bandeira_mesa.jpg\" alt=\"\" class=\"wp-image-571\" srcset=\"https:\/\/galhardete.com.br\/wp-content\/uploads\/2022\/02\/Bandeira_mesa.jpg 600w, https:\/\/galhardete.com.br\/wp-content\/uploads\/2022\/02\/Bandeira_mesa-300x300.jpg 300w, https:\/\/galhardete.com.br\/wp-content\/uploads\/2022\/02\/Bandeira_mesa-150x150.jpg 150w\" sizes=\"auto, (max-width: 600px) 100vw, 600px\" \/><\/figure><\/div>\n\n\n\n<h3 class=\"has-text-align-center has-neve-text-color-color has-text-color wp-block-heading\">Bandeira de mesa<\/h3>\n\n\n\n<p class=\"has-text-align-center has-neve-text-color-color has-text-color\">Indicado para brindes e eventos<\/p>\n\n\n\n<div style=\"height:40px\" aria-hidden=\"true\" class=\"wp-block-spacer\"><\/div>\n<\/div>\n<\/div>\n\n\n\n<div style=\"height:40px\" aria-hidden=\"true\" class=\"wp-block-spacer\"><\/div>\n<\/div><\/div>\n<\/div><\/div>\n","protected":false},"excerpt":{"rendered":"","protected":false},"author":1,"featured_media":0,"parent":0,"menu_order":0,"comment_status":"closed","ping_status":"closed","template":"","meta":{"_acf_changed":false,"neve_meta_sidebar":"default","neve_meta_container":"default","neve_meta_enable_content_width":"on","neve_meta_content_width":100,"neve_meta_title_alignment":"","neve_meta_author_avatar":"","neve_post_elements_order":"","neve_meta_disable_header":"","neve_meta_disable_footer":"","neve_meta_disable_title":"on","_joinchat":[],"footnotes":""},"class_list":["post-553","page","type-page","status-publish","hentry"],"acf":[],"yoast_head":"<!-- This site is optimized with the Yoast SEO plugin v27.5 - https:\/\/yoast.com\/product\/yoast-seo-wordpress\/ -->\n<title>Personalizados - Banderminas<\/title>\n<meta name=\"description\" content=\"Wind Banner personalizado direto do fabricante. Linha completa de produtos personalizados camisas, sacolas e bandeiras\" \/>\n<meta name=\"robots\" content=\"index, follow, max-snippet:-1, max-image-preview:large, max-video-preview:-1\" \/>\n<link rel=\"canonical\" href=\"https:\/\/galhardete.com.br\/?page_id=553\" \/>\n<meta property=\"og:locale\" content=\"pt_BR\" \/>\n<meta property=\"og:type\" content=\"article\" \/>\n<meta property=\"og:title\" content=\"Personalizados - Banderminas\" \/>\n<meta property=\"og:description\" content=\"Wind Banner personalizado direto do fabricante. Linha completa de produtos personalizados camisas, sacolas e bandeiras\" \/>\n<meta property=\"og:url\" content=\"https:\/\/galhardete.com.br\/?page_id=553\" \/>\n<meta property=\"og:site_name\" content=\"Banderminas\" \/>\n<meta property=\"article:publisher\" content=\"https:\/\/pt-br.facebook.com\/numero1bandeiras\/\" \/>\n<meta property=\"article:modified_time\" content=\"2022-04-21T12:51:45+00:00\" \/>\n<meta property=\"og:image\" content=\"https:\/\/galhardete.com.br\/wp-content\/uploads\/2022\/02\/Windbanner.jpg\" \/>\n<meta name=\"twitter:card\" content=\"summary_large_image\" \/>\n<meta name=\"twitter:label1\" content=\"Est. tempo de leitura\" \/>\n\t<meta name=\"twitter:data1\" content=\"3 minutos\" \/>\n<!-- \/ Yoast SEO plugin. -->","yoast_head_json":{"title":"Personalizados - Banderminas","description":"Wind Banner personalizado direto do fabricante. Linha completa de produtos personalizados camisas, sacolas e bandeiras","robots":{"index":"index","follow":"follow","max-snippet":"max-snippet:-1","max-image-preview":"max-image-preview:large","max-video-preview":"max-video-preview:-1"},"canonical":"https:\/\/galhardete.com.br\/?page_id=553","og_locale":"pt_BR","og_type":"article","og_title":"Personalizados - Banderminas","og_description":"Wind Banner personalizado direto do fabricante. Linha completa de produtos personalizados camisas, sacolas e bandeiras","og_url":"https:\/\/galhardete.com.br\/?page_id=553","og_site_name":"Banderminas","article_publisher":"https:\/\/pt-br.facebook.com\/numero1bandeiras\/","article_modified_time":"2022-04-21T12:51:45+00:00","og_image":[{"url":"https:\/\/galhardete.com.br\/wp-content\/uploads\/2022\/02\/Windbanner.jpg","type":"","width":"","height":""}],"twitter_card":"summary_large_image","twitter_misc":{"Est. tempo de leitura":"3 minutos"},"schema":{"@context":"https:\/\/schema.org","@graph":[{"@type":"WebPage","@id":"https:\/\/galhardete.com.br\/?page_id=553","url":"https:\/\/galhardete.com.br\/?page_id=553","name":"Personalizados - Banderminas","isPartOf":{"@id":"https:\/\/galhardete.com.br\/#website"},"primaryImageOfPage":{"@id":"https:\/\/galhardete.com.br\/?page_id=553#primaryimage"},"image":{"@id":"https:\/\/galhardete.com.br\/?page_id=553#primaryimage"},"thumbnailUrl":"https:\/\/galhardete.com.br\/wp-content\/uploads\/2022\/02\/Windbanner.jpg","datePublished":"2022-02-27T12:53:35+00:00","dateModified":"2022-04-21T12:51:45+00:00","description":"Wind Banner personalizado direto do fabricante. Linha completa de produtos personalizados camisas, sacolas e bandeiras","breadcrumb":{"@id":"https:\/\/galhardete.com.br\/?page_id=553#breadcrumb"},"inLanguage":"pt-BR","potentialAction":[{"@type":"ReadAction","target":["https:\/\/galhardete.com.br\/?page_id=553"]}]},{"@type":"ImageObject","inLanguage":"pt-BR","@id":"https:\/\/galhardete.com.br\/?page_id=553#primaryimage","url":"https:\/\/galhardete.com.br\/wp-content\/uploads\/2022\/02\/Windbanner.jpg","contentUrl":"https:\/\/galhardete.com.br\/wp-content\/uploads\/2022\/02\/Windbanner.jpg","width":600,"height":600},{"@type":"BreadcrumbList","@id":"https:\/\/galhardete.com.br\/?page_id=553#breadcrumb","itemListElement":[{"@type":"ListItem","position":1,"name":"In\u00edcio","item":"https:\/\/galhardete.com.br\/"},{"@type":"ListItem","position":2,"name":"Personalizados"}]},{"@type":"WebSite","@id":"https:\/\/galhardete.com.br\/#website","url":"https:\/\/galhardete.com.br\/","name":"Banderminas","description":"A n\u00famero um em Bandeiras!!!!","publisher":{"@id":"https:\/\/galhardete.com.br\/#organization"},"potentialAction":[{"@type":"SearchAction","target":{"@type":"EntryPoint","urlTemplate":"https:\/\/galhardete.com.br\/?s={search_term_string}"},"query-input":{"@type":"PropertyValueSpecification","valueRequired":true,"valueName":"search_term_string"}}],"inLanguage":"pt-BR"},{"@type":"Organization","@id":"https:\/\/galhardete.com.br\/#organization","name":"Banderminas - Galhardete","url":"https:\/\/galhardete.com.br\/","logo":{"@type":"ImageObject","inLanguage":"pt-BR","@id":"https:\/\/galhardete.com.br\/#\/schema\/logo\/image\/","url":"https:\/\/galhardete.com.br\/wp-content\/uploads\/2022\/02\/logoeditavel.webp","contentUrl":"https:\/\/galhardete.com.br\/wp-content\/uploads\/2022\/02\/logoeditavel.webp","width":300,"height":235,"caption":"Banderminas - Galhardete"},"image":{"@id":"https:\/\/galhardete.com.br\/#\/schema\/logo\/image\/"},"sameAs":["https:\/\/pt-br.facebook.com\/numero1bandeiras\/","https:\/\/www.instagram.com\/wgil_bandeiras","https:\/\/www.linkedin.com\/company\/wgil-bandeiras\/"]}]}},"_links":{"self":[{"href":"https:\/\/galhardete.com.br\/index.php?rest_route=\/wp\/v2\/pages\/553","targetHints":{"allow":["GET"]}}],"collection":[{"href":"https:\/\/galhardete.com.br\/index.php?rest_route=\/wp\/v2\/pages"}],"about":[{"href":"https:\/\/galhardete.com.br\/index.php?rest_route=\/wp\/v2\/types\/page"}],"author":[{"embeddable":true,"href":"https:\/\/galhardete.com.br\/index.php?rest_route=\/wp\/v2\/users\/1"}],"replies":[{"embeddable":true,"href":"https:\/\/galhardete.com.br\/index.php?rest_route=%2Fwp%2Fv2%2Fcomments&post=553"}],"version-history":[{"count":15,"href":"https:\/\/galhardete.com.br\/index.php?rest_route=\/wp\/v2\/pages\/553\/revisions"}],"predecessor-version":[{"id":665,"href":"https:\/\/galhardete.com.br\/index.php?rest_route=\/wp\/v2\/pages\/553\/revisions\/665"}],"wp:attachment":[{"href":"https:\/\/galhardete.com.br\/index.php?rest_route=%2Fwp%2Fv2%2Fmedia&parent=553"}],"curies":[{"name":"wp","href":"https:\/\/api.w.org\/{rel}","templated":true}]}}