{"id":61,"date":"2020-01-23T18:21:52","date_gmt":"2020-01-23T18:21:52","guid":{"rendered":"https:\/\/demosites.io\/web-agency-gb\/?page_id=61"},"modified":"2022-04-22T08:38:08","modified_gmt":"2022-04-22T08:38:08","slug":"bandeira-oficial","status":"publish","type":"page","link":"https:\/\/galhardete.com.br\/?page_id=61","title":{"rendered":"Bandeira Oficial"},"content":{"rendered":"\n<div class=\"wp-block-cover alignfull\" style=\"min-height:300px;aspect-ratio:unset;\"><span aria-hidden=\"true\" class=\"has-nv-site-bg-background-color has-background-dim-100 wp-block-cover__gradient-background has-background-dim\"><\/span><div class=\"wp-block-cover__inner-container is-layout-flow wp-block-cover-is-layout-flow\">\n<div class=\"wp-block-group\"><div class=\"wp-block-group__inner-container is-layout-flow wp-block-group-is-layout-flow\">\n<h1 class=\"has-text-align-left has-neve-text-color-color has-text-color wp-block-heading\" id=\"h-bandeira\">Bandeira<\/h1>\n<\/div><\/div>\n<\/div><\/div>\n\n\n\n<div class=\"wp-block-cover alignfull\" style=\"min-height:600px;aspect-ratio:unset;\"><span aria-hidden=\"true\" class=\"has-nv-light-bg-background-color has-background-dim-100 wp-block-cover__gradient-background has-background-dim\"><\/span><div class=\"wp-block-cover__inner-container is-layout-flow wp-block-cover-is-layout-flow\">\n<div class=\"wp-block-group\"><div class=\"wp-block-group__inner-container is-layout-flow wp-block-group-is-layout-flow\">\n<div style=\"height:80px\" aria-hidden=\"true\" class=\"wp-block-spacer\"><\/div>\n\n\n\n<div class=\"wp-block-columns are-vertically-aligned-center is-layout-flex wp-container-core-columns-is-layout-9d6595d7 wp-block-columns-is-layout-flex\">\n<div class=\"wp-block-column is-vertically-aligned-center is-layout-flow wp-block-column-is-layout-flow\" style=\"flex-basis:50%\">\n<figure class=\"wp-block-image size-full\"><a href=\"https:\/\/www.instagram.com\/wgil_bandeiras\/\"><img loading=\"lazy\" decoding=\"async\" width=\"600\" height=\"598\" src=\"https:\/\/galhardete.com.br\/wp-content\/uploads\/2022\/02\/Bandeira_Formatura.jpg\" alt=\"\" class=\"wp-image-449\" srcset=\"https:\/\/galhardete.com.br\/wp-content\/uploads\/2022\/02\/Bandeira_Formatura.jpg 600w, https:\/\/galhardete.com.br\/wp-content\/uploads\/2022\/02\/Bandeira_Formatura-300x300.jpg 300w, https:\/\/galhardete.com.br\/wp-content\/uploads\/2022\/02\/Bandeira_Formatura-150x150.jpg 150w\" sizes=\"auto, (max-width: 600px) 100vw, 600px\" \/><\/a><\/figure>\n<\/div>\n\n\n\n<div class=\"wp-block-column is-vertically-aligned-center is-layout-flow wp-block-column-is-layout-flow\" style=\"flex-basis:50%\">\n<h2 class=\"has-neve-text-color-color has-text-color wp-block-heading\" id=\"h-somos-especialistas-em-bandeira-oficial\">Somos especialistas em Bandeira Oficial<\/h2>\n\n\n\n<p class=\"has-neve-text-color-color has-text-color\">A nossa f\u00e1brica de bandeira oficial trabalha confeccionando e projetando diversos formatos e tamanhos.<\/p>\n\n\n\n<p class=\"has-neve-text-color-color has-text-color\">Fabricamos bandeiras oficiais para marca ou empresa, homenagens, cerim\u00f4nias entre outras ocasi\u00f5es.<\/p>\n<\/div>\n<\/div>\n\n\n\n<div style=\"height:40px\" aria-hidden=\"true\" class=\"wp-block-spacer\"><\/div>\n<\/div><\/div>\n<\/div><\/div>\n\n\n\n<div class=\"wp-block-cover alignfull\" style=\"min-height:600px;aspect-ratio:unset;\"><span aria-hidden=\"true\" class=\"has-nv-dark-bg-background-color has-background-dim-100 wp-block-cover__gradient-background has-background-dim\"><\/span><div class=\"wp-block-cover__inner-container is-layout-flow wp-block-cover-is-layout-flow\">\n<div class=\"wp-block-group\"><div class=\"wp-block-group__inner-container is-layout-flow wp-block-group-is-layout-flow\">\n<div style=\"height:80px\" aria-hidden=\"true\" class=\"wp-block-spacer\"><\/div>\n\n\n\n<div class=\"wp-block-columns are-vertically-aligned-center is-layout-flex wp-container-core-columns-is-layout-9d6595d7 wp-block-columns-is-layout-flex\">\n<div class=\"wp-block-column is-vertically-aligned-center is-layout-flow wp-block-column-is-layout-flow\" style=\"flex-basis:50%\">\n<h2 class=\"has-nv-text-dark-bg-color has-text-color wp-block-heading\" id=\"h-bandeiras-oficiais-em-varios-formatos\">Bandeiras Oficiais em v\u00e1rios formatos<\/h2>\n\n\n\n<p class=\"has-nv-text-dark-bg-color has-text-color\">Entre os modelos produzidos por nossa fabrica, pode-se destacar os seguintes modelos:<\/p>\n\n\n\n<ul class=\"wp-block-list\"><li>Oficial<\/li><\/ul>\n\n\n\n<ul class=\"wp-block-list\"><li>Para haste<\/li><\/ul>\n\n\n\n<ul class=\"wp-block-list\"><li>De mesa<\/li><\/ul>\n\n\n\n<ul class=\"wp-block-list\"><li>Usar no carro<\/li><\/ul>\n\n\n\n<ul class=\"wp-block-list\"><li>Bandeiras bordadas<\/li><\/ul>\n\n\n\n<ul class=\"wp-block-list\"><li>Bandeiras para mastro<\/li><\/ul>\n\n\n\n<div style=\"height:20px\" aria-hidden=\"true\" class=\"wp-block-spacer\"><\/div>\n\n\n\n<div class=\"wp-block-buttons is-layout-flex wp-block-buttons-is-layout-flex\">\n<div class=\"wp-block-button is-style-primary\"><a class=\"wp-block-button__link\" href=\"https:\/\/galhardete.com.br\/?page_id=75\">VAMOS CONVERSAR ?<\/a><\/div>\n<\/div>\n\n\n\n<div style=\"height:20px\" aria-hidden=\"true\" class=\"wp-block-spacer\"><\/div>\n<\/div>\n\n\n\n<div class=\"wp-block-column is-vertically-aligned-center is-layout-flow wp-block-column-is-layout-flow\" style=\"flex-basis:50%\">\n<figure class=\"wp-block-image size-full\"><img loading=\"lazy\" decoding=\"async\" width=\"600\" height=\"600\" src=\"https:\/\/galhardete.com.br\/wp-content\/uploads\/2022\/02\/Brasao-da-Republica.jpg\" alt=\"\" class=\"wp-image-456\" srcset=\"https:\/\/galhardete.com.br\/wp-content\/uploads\/2022\/02\/Brasao-da-Republica.jpg 600w, https:\/\/galhardete.com.br\/wp-content\/uploads\/2022\/02\/Brasao-da-Republica-300x300.jpg 300w, https:\/\/galhardete.com.br\/wp-content\/uploads\/2022\/02\/Brasao-da-Republica-150x150.jpg 150w\" sizes=\"auto, (max-width: 600px) 100vw, 600px\" \/><\/figure>\n<\/div>\n<\/div>\n\n\n\n<div style=\"height:40px\" aria-hidden=\"true\" class=\"wp-block-spacer\"><\/div>\n<\/div><\/div>\n<\/div><\/div>\n\n\n\n<div class=\"wp-block-cover alignfull\" style=\"min-height:420px;aspect-ratio:unset;\"><span aria-hidden=\"true\" class=\"has-nv-site-bg-background-color has-background-dim-100 wp-block-cover__gradient-background has-background-dim\"><\/span><div class=\"wp-block-cover__inner-container is-layout-flow wp-block-cover-is-layout-flow\">\n<div style=\"height:80px\" aria-hidden=\"true\" class=\"wp-block-spacer\"><\/div>\n\n\n\n<div class=\"wp-block-columns is-layout-flex wp-container-core-columns-is-layout-9d6595d7 wp-block-columns-is-layout-flex\">\n<div class=\"wp-block-column ticss-4ce656f1 is-layout-flow wp-block-column-is-layout-flow\">\n<figure class=\"wp-block-image size-full icon-style is-style-rounded\"><a href=\"https:\/\/galhardete.com.br\/?page_id=488\"><img loading=\"lazy\" decoding=\"async\" width=\"70\" height=\"70\" src=\"https:\/\/galhardete.com.br\/wp-content\/uploads\/2022\/02\/neve-webdesign-GB-03.png\" alt=\"\" class=\"wp-image-367\"\/><\/a><\/figure>\n\n\n\n<h3 class=\"has-text-align-left has-text-align-center has-neve-text-color-color has-text-color wp-block-heading\" id=\"h-galhardete\">Galhardete<\/h3>\n\n\n\n<p class=\"has-text-align-left has-neve-text-color-color has-text-color\" style=\"font-size:15px\">Galhardetes personalizados para institui\u00e7\u00f5es, associa\u00e7\u00f5es, organismos ou clubes..<\/p>\n\n\n\n<div style=\"height:20px\" aria-hidden=\"true\" class=\"wp-block-spacer\"><\/div>\n<\/div>\n\n\n\n<div class=\"wp-block-column ticss-f6fc7494 is-layout-flow wp-block-column-is-layout-flow\">\n<figure class=\"wp-block-image size-full icon-style is-style-rounded\"><a href=\"https:\/\/galhardete.com.br\/?page_id=61\"><img loading=\"lazy\" decoding=\"async\" width=\"70\" height=\"70\" src=\"https:\/\/galhardete.com.br\/wp-content\/uploads\/2022\/02\/neve-webdesign-GB-04.png\" alt=\"\" class=\"wp-image-368\"\/><\/a><\/figure>\n\n\n\n<h3 class=\"has-text-align-left has-text-align-center has-neve-text-color-color has-text-color wp-block-heading\" id=\"h-bandeiras\">Bandeiras<\/h3>\n\n\n\n<p class=\"has-text-align-left has-neve-text-color-color has-text-color\" style=\"font-size:15px\">Bandeiras oficiais com qualidade e pre\u00e7o justo.<\/p>\n\n\n\n<div style=\"height:20px\" aria-hidden=\"true\" class=\"wp-block-spacer\"><\/div>\n<\/div>\n\n\n\n<div class=\"wp-block-column ticss-a5b4df29 is-layout-flow wp-block-column-is-layout-flow\">\n<figure class=\"wp-block-image size-full icon-style is-style-rounded\"><a href=\"https:\/\/galhardete.com.br\/?page_id=553\"><img loading=\"lazy\" decoding=\"async\" width=\"70\" height=\"70\" src=\"https:\/\/galhardete.com.br\/wp-content\/uploads\/2022\/02\/neve-webdesign-GB-01.png\" alt=\"\" class=\"wp-image-366\"\/><\/a><\/figure>\n\n\n\n<h3 class=\"has-text-align-left has-text-align-center has-neve-text-color-color has-text-color wp-block-heading\" id=\"h-produtos-personalizados\">Produtos Personalizados<\/h3>\n\n\n\n<p class=\"has-text-align-left has-neve-text-color-color has-text-color\" style=\"font-size:15px\">Bandeiras, Galhardetes, Fl\u00e2mulas, Wind banners, camisas, sacolas e diversos outros produtos personalizados.<\/p>\n\n\n\n<div style=\"height:20px\" aria-hidden=\"true\" class=\"wp-block-spacer\"><\/div>\n<\/div>\n<\/div>\n\n\n\n<div style=\"height:30px\" aria-hidden=\"true\" class=\"wp-block-spacer\"><\/div>\n<\/div><\/div>\n\n\n\n<div class=\"wp-block-cover alignfull\" style=\"min-height:600px;aspect-ratio:unset;\"><span aria-hidden=\"true\" class=\"has-nv-light-bg-background-color has-background-dim-100 wp-block-cover__gradient-background has-background-dim\"><\/span><div class=\"wp-block-cover__inner-container is-layout-flow wp-block-cover-is-layout-flow\">\n<div class=\"wp-block-group\"><div class=\"wp-block-group__inner-container is-layout-flow wp-block-group-is-layout-flow\">\n<div style=\"height:80px\" aria-hidden=\"true\" class=\"wp-block-spacer\"><\/div>\n\n\n\n<div class=\"wp-block-columns is-layout-flex wp-container-core-columns-is-layout-9d6595d7 wp-block-columns-is-layout-flex\">\n<div class=\"wp-block-column is-layout-flow wp-block-column-is-layout-flow\">\n<div class=\"wp-block-image is-style-default\"><figure class=\"aligncenter size-full\"><img loading=\"lazy\" decoding=\"async\" width=\"400\" height=\"400\" src=\"https:\/\/galhardete.com.br\/wp-content\/uploads\/2022\/02\/Bandeira_oficial.jpg\" alt=\"\" class=\"wp-image-464\" srcset=\"https:\/\/galhardete.com.br\/wp-content\/uploads\/2022\/02\/Bandeira_oficial.jpg 400w, https:\/\/galhardete.com.br\/wp-content\/uploads\/2022\/02\/Bandeira_oficial-300x300.jpg 300w, https:\/\/galhardete.com.br\/wp-content\/uploads\/2022\/02\/Bandeira_oficial-150x150.jpg 150w\" sizes=\"auto, (max-width: 400px) 100vw, 400px\" \/><\/figure><\/div>\n\n\n\n<h3 class=\"has-text-align-center has-neve-text-color-color has-text-color wp-block-heading\" id=\"h-bandeira-oficial\">Bandeira Oficial<\/h3>\n\n\n\n<p class=\"has-text-align-center has-neve-text-color-color has-text-color\">Diversos tamanhos<\/p>\n\n\n\n<div style=\"height:40px\" aria-hidden=\"true\" class=\"wp-block-spacer\"><\/div>\n<\/div>\n\n\n\n<div class=\"wp-block-column is-layout-flow wp-block-column-is-layout-flow\">\n<div class=\"wp-block-image is-style-default\"><figure class=\"aligncenter size-full\"><img loading=\"lazy\" decoding=\"async\" width=\"400\" height=\"401\" src=\"https:\/\/galhardete.com.br\/wp-content\/uploads\/2022\/02\/Bandeira_Haste-1.jpg\" alt=\"\" class=\"wp-image-467\" srcset=\"https:\/\/galhardete.com.br\/wp-content\/uploads\/2022\/02\/Bandeira_Haste-1.jpg 400w, https:\/\/galhardete.com.br\/wp-content\/uploads\/2022\/02\/Bandeira_Haste-1-300x300.jpg 300w, https:\/\/galhardete.com.br\/wp-content\/uploads\/2022\/02\/Bandeira_Haste-1-150x150.jpg 150w\" sizes=\"auto, (max-width: 400px) 100vw, 400px\" \/><\/figure><\/div>\n\n\n\n<h3 class=\"has-text-align-center has-neve-text-color-color has-text-color wp-block-heading\" id=\"h-bandeira-para-haste\">Bandeira para haste<\/h3>\n\n\n\n<p class=\"has-text-align-center has-neve-text-color-color has-text-color\">Para sua moto ou barco<\/p>\n\n\n\n<div style=\"height:40px\" aria-hidden=\"true\" class=\"wp-block-spacer\"><\/div>\n<\/div>\n\n\n\n<div class=\"wp-block-column is-layout-flow wp-block-column-is-layout-flow\">\n<div class=\"wp-block-image is-style-default\"><figure class=\"aligncenter size-full\"><img loading=\"lazy\" decoding=\"async\" width=\"400\" height=\"400\" src=\"https:\/\/galhardete.com.br\/wp-content\/uploads\/2022\/02\/Mastrinho_de_Mesa.jpg\" alt=\"\" class=\"wp-image-469\" srcset=\"https:\/\/galhardete.com.br\/wp-content\/uploads\/2022\/02\/Mastrinho_de_Mesa.jpg 400w, https:\/\/galhardete.com.br\/wp-content\/uploads\/2022\/02\/Mastrinho_de_Mesa-300x300.jpg 300w, https:\/\/galhardete.com.br\/wp-content\/uploads\/2022\/02\/Mastrinho_de_Mesa-150x150.jpg 150w\" sizes=\"auto, (max-width: 400px) 100vw, 400px\" \/><\/figure><\/div>\n\n\n\n<h3 class=\"has-text-align-center has-neve-text-color-color has-text-color wp-block-heading\" id=\"h-bandeira-para-mesa\">Bandeira para mesa<\/h3>\n\n\n\n<p class=\"has-text-align-center has-neve-text-color-color has-text-color\">Com base de madeira ou pl\u00e1stico <\/p>\n\n\n\n<div style=\"height:40px\" aria-hidden=\"true\" class=\"wp-block-spacer\"><\/div>\n<\/div>\n\n\n\n<div class=\"wp-block-column is-layout-flow wp-block-column-is-layout-flow\">\n<div class=\"wp-block-image is-style-default\"><figure class=\"aligncenter size-full\"><img loading=\"lazy\" decoding=\"async\" width=\"400\" height=\"400\" src=\"https:\/\/galhardete.com.br\/wp-content\/uploads\/2022\/02\/Bandeira_para_carro.jpg\" alt=\"\" class=\"wp-image-471\" srcset=\"https:\/\/galhardete.com.br\/wp-content\/uploads\/2022\/02\/Bandeira_para_carro.jpg 400w, https:\/\/galhardete.com.br\/wp-content\/uploads\/2022\/02\/Bandeira_para_carro-300x300.jpg 300w, https:\/\/galhardete.com.br\/wp-content\/uploads\/2022\/02\/Bandeira_para_carro-150x150.jpg 150w\" sizes=\"auto, (max-width: 400px) 100vw, 400px\" \/><\/figure><\/div>\n\n\n\n<h3 class=\"has-text-align-center has-neve-text-color-color has-text-color wp-block-heading\" id=\"h-bandeira-para-carro\">Bandeira para carro<\/h3>\n\n\n\n<p class=\"has-text-align-center has-neve-text-color-color has-text-color\">F\u00e1cil fixa\u00e7\u00e3o no vidro de seu carro<\/p>\n\n\n\n<div style=\"height:40px\" aria-hidden=\"true\" class=\"wp-block-spacer\"><\/div>\n<\/div>\n\n\n\n<div class=\"wp-block-column is-layout-flow wp-block-column-is-layout-flow\">\n<div class=\"wp-block-image is-style-default\"><figure class=\"aligncenter size-full\"><img loading=\"lazy\" decoding=\"async\" width=\"400\" height=\"400\" src=\"https:\/\/galhardete.com.br\/wp-content\/uploads\/2022\/02\/Bordado_Bandeira.jpg\" alt=\"\" class=\"wp-image-473\" srcset=\"https:\/\/galhardete.com.br\/wp-content\/uploads\/2022\/02\/Bordado_Bandeira.jpg 400w, https:\/\/galhardete.com.br\/wp-content\/uploads\/2022\/02\/Bordado_Bandeira-300x300.jpg 300w, https:\/\/galhardete.com.br\/wp-content\/uploads\/2022\/02\/Bordado_Bandeira-150x150.jpg 150w\" sizes=\"auto, (max-width: 400px) 100vw, 400px\" \/><\/figure><\/div>\n\n\n\n<h3 class=\"has-text-align-center has-neve-text-color-color has-text-color wp-block-heading\" id=\"h-bandeira-bordada\">Bandeira bordada<\/h3>\n\n\n\n<p class=\"has-text-align-center has-neve-text-color-color has-text-color\">Produ\u00e7\u00e3o artesanal com muita qualidade<\/p>\n\n\n\n<div style=\"height:40px\" aria-hidden=\"true\" class=\"wp-block-spacer\"><\/div>\n<\/div>\n\n\n\n<div class=\"wp-block-column is-layout-flow wp-block-column-is-layout-flow\">\n<div class=\"wp-block-image is-style-default\"><figure class=\"aligncenter size-full\"><img loading=\"lazy\" decoding=\"async\" width=\"400\" height=\"400\" src=\"https:\/\/galhardete.com.br\/wp-content\/uploads\/2022\/02\/Bandeira_Mastros.jpg\" alt=\"\" class=\"wp-image-476\" srcset=\"https:\/\/galhardete.com.br\/wp-content\/uploads\/2022\/02\/Bandeira_Mastros.jpg 400w, https:\/\/galhardete.com.br\/wp-content\/uploads\/2022\/02\/Bandeira_Mastros-300x300.jpg 300w, https:\/\/galhardete.com.br\/wp-content\/uploads\/2022\/02\/Bandeira_Mastros-150x150.jpg 150w\" sizes=\"auto, (max-width: 400px) 100vw, 400px\" \/><\/figure><\/div>\n\n\n\n<h3 class=\"has-text-align-center has-neve-text-color-color has-text-color wp-block-heading\" id=\"h-bandeira-para-mastro\">Bandeira para mastro<\/h3>\n\n\n\n<p class=\"has-text-align-center has-neve-text-color-color has-text-color\">Altamente resistente indicada para ambientes externos<\/p>\n\n\n\n<div style=\"height:40px\" aria-hidden=\"true\" class=\"wp-block-spacer\"><\/div>\n<\/div>\n<\/div>\n\n\n\n<div style=\"height:40px\" aria-hidden=\"true\" class=\"wp-block-spacer\"><\/div>\n<\/div><\/div>\n<\/div><\/div>\n","protected":false},"excerpt":{"rendered":"","protected":false},"author":1,"featured_media":456,"parent":0,"menu_order":0,"comment_status":"closed","ping_status":"closed","template":"","meta":{"_acf_changed":false,"neve_meta_sidebar":"default","neve_meta_container":"default","neve_meta_enable_content_width":"on","neve_meta_content_width":100,"neve_meta_title_alignment":"","neve_meta_author_avatar":"","neve_post_elements_order":"","neve_meta_disable_header":"","neve_meta_disable_footer":"","neve_meta_disable_title":"on","_joinchat":[],"footnotes":""},"class_list":["post-61","page","type-page","status-publish","has-post-thumbnail","hentry"],"acf":[],"yoast_head":"<!-- This site is optimized with the Yoast SEO plugin v27.4 - https:\/\/yoast.com\/product\/yoast-seo-wordpress\/ -->\n<title>Bandeira Oficial - Banderminas<\/title>\n<meta name=\"description\" content=\"Fabrica especializada na produ\u00e7\u00e3o de Bandeira Oficial, Bandeira para haste, mesa, carro, bordadas e mastro. Galhardete e Windbanner\" \/>\n<meta name=\"robots\" content=\"index, follow, max-snippet:-1, max-image-preview:large, max-video-preview:-1\" \/>\n<link rel=\"canonical\" href=\"https:\/\/galhardete.com.br\/?page_id=61\" \/>\n<meta property=\"og:locale\" content=\"pt_BR\" \/>\n<meta property=\"og:type\" content=\"article\" \/>\n<meta property=\"og:title\" content=\"Bandeira Oficial - Banderminas\" \/>\n<meta property=\"og:description\" content=\"Fabrica especializada na produ\u00e7\u00e3o de Bandeira Oficial, Bandeira para haste, mesa, carro, bordadas e mastro. Galhardete e Windbanner\" \/>\n<meta property=\"og:url\" content=\"https:\/\/galhardete.com.br\/?page_id=61\" \/>\n<meta property=\"og:site_name\" content=\"Banderminas\" \/>\n<meta property=\"article:publisher\" content=\"https:\/\/pt-br.facebook.com\/numero1bandeiras\/\" \/>\n<meta property=\"article:modified_time\" content=\"2022-04-22T08:38:08+00:00\" \/>\n<meta property=\"og:image\" content=\"https:\/\/galhardete.com.br\/wp-content\/uploads\/2022\/02\/Brasao-da-Republica.jpg\" \/>\n\t<meta property=\"og:image:width\" content=\"600\" \/>\n\t<meta property=\"og:image:height\" content=\"600\" \/>\n\t<meta property=\"og:image:type\" content=\"image\/jpeg\" \/>\n<meta name=\"twitter:card\" content=\"summary_large_image\" \/>\n<meta name=\"twitter:label1\" content=\"Est. tempo de leitura\" \/>\n\t<meta name=\"twitter:data1\" content=\"3 minutos\" \/>\n<!-- \/ Yoast SEO plugin. -->","yoast_head_json":{"title":"Bandeira Oficial - Banderminas","description":"Fabrica especializada na produ\u00e7\u00e3o de Bandeira Oficial, Bandeira para haste, mesa, carro, bordadas e mastro. Galhardete e Windbanner","robots":{"index":"index","follow":"follow","max-snippet":"max-snippet:-1","max-image-preview":"max-image-preview:large","max-video-preview":"max-video-preview:-1"},"canonical":"https:\/\/galhardete.com.br\/?page_id=61","og_locale":"pt_BR","og_type":"article","og_title":"Bandeira Oficial - Banderminas","og_description":"Fabrica especializada na produ\u00e7\u00e3o de Bandeira Oficial, Bandeira para haste, mesa, carro, bordadas e mastro. Galhardete e Windbanner","og_url":"https:\/\/galhardete.com.br\/?page_id=61","og_site_name":"Banderminas","article_publisher":"https:\/\/pt-br.facebook.com\/numero1bandeiras\/","article_modified_time":"2022-04-22T08:38:08+00:00","og_image":[{"width":600,"height":600,"url":"https:\/\/galhardete.com.br\/wp-content\/uploads\/2022\/02\/Brasao-da-Republica.jpg","type":"image\/jpeg"}],"twitter_card":"summary_large_image","twitter_misc":{"Est. tempo de leitura":"3 minutos"},"schema":{"@context":"https:\/\/schema.org","@graph":[{"@type":"WebPage","@id":"https:\/\/galhardete.com.br\/?page_id=61","url":"https:\/\/galhardete.com.br\/?page_id=61","name":"Bandeira Oficial - Banderminas","isPartOf":{"@id":"https:\/\/galhardete.com.br\/#website"},"primaryImageOfPage":{"@id":"https:\/\/galhardete.com.br\/?page_id=61#primaryimage"},"image":{"@id":"https:\/\/galhardete.com.br\/?page_id=61#primaryimage"},"thumbnailUrl":"https:\/\/galhardete.com.br\/wp-content\/uploads\/2022\/02\/Brasao-da-Republica.jpg","datePublished":"2020-01-23T18:21:52+00:00","dateModified":"2022-04-22T08:38:08+00:00","description":"Fabrica especializada na produ\u00e7\u00e3o de Bandeira Oficial, Bandeira para haste, mesa, carro, bordadas e mastro. Galhardete e Windbanner","breadcrumb":{"@id":"https:\/\/galhardete.com.br\/?page_id=61#breadcrumb"},"inLanguage":"pt-BR","potentialAction":[{"@type":"ReadAction","target":["https:\/\/galhardete.com.br\/?page_id=61"]}]},{"@type":"ImageObject","inLanguage":"pt-BR","@id":"https:\/\/galhardete.com.br\/?page_id=61#primaryimage","url":"https:\/\/galhardete.com.br\/wp-content\/uploads\/2022\/02\/Brasao-da-Republica.jpg","contentUrl":"https:\/\/galhardete.com.br\/wp-content\/uploads\/2022\/02\/Brasao-da-Republica.jpg","width":600,"height":600,"caption":"Bandeira Oficial Bordada"},{"@type":"BreadcrumbList","@id":"https:\/\/galhardete.com.br\/?page_id=61#breadcrumb","itemListElement":[{"@type":"ListItem","position":1,"name":"In\u00edcio","item":"https:\/\/galhardete.com.br\/"},{"@type":"ListItem","position":2,"name":"Bandeira Oficial"}]},{"@type":"WebSite","@id":"https:\/\/galhardete.com.br\/#website","url":"https:\/\/galhardete.com.br\/","name":"Banderminas","description":"A n\u00famero um em Bandeiras!!!!","publisher":{"@id":"https:\/\/galhardete.com.br\/#organization"},"potentialAction":[{"@type":"SearchAction","target":{"@type":"EntryPoint","urlTemplate":"https:\/\/galhardete.com.br\/?s={search_term_string}"},"query-input":{"@type":"PropertyValueSpecification","valueRequired":true,"valueName":"search_term_string"}}],"inLanguage":"pt-BR"},{"@type":"Organization","@id":"https:\/\/galhardete.com.br\/#organization","name":"Banderminas - Galhardete","url":"https:\/\/galhardete.com.br\/","logo":{"@type":"ImageObject","inLanguage":"pt-BR","@id":"https:\/\/galhardete.com.br\/#\/schema\/logo\/image\/","url":"https:\/\/galhardete.com.br\/wp-content\/uploads\/2022\/02\/logoeditavel.webp","contentUrl":"https:\/\/galhardete.com.br\/wp-content\/uploads\/2022\/02\/logoeditavel.webp","width":300,"height":235,"caption":"Banderminas - Galhardete"},"image":{"@id":"https:\/\/galhardete.com.br\/#\/schema\/logo\/image\/"},"sameAs":["https:\/\/pt-br.facebook.com\/numero1bandeiras\/","https:\/\/www.instagram.com\/wgil_bandeiras","https:\/\/www.linkedin.com\/company\/wgil-bandeiras\/"]}]}},"_links":{"self":[{"href":"https:\/\/galhardete.com.br\/index.php?rest_route=\/wp\/v2\/pages\/61","targetHints":{"allow":["GET"]}}],"collection":[{"href":"https:\/\/galhardete.com.br\/index.php?rest_route=\/wp\/v2\/pages"}],"about":[{"href":"https:\/\/galhardete.com.br\/index.php?rest_route=\/wp\/v2\/types\/page"}],"author":[{"embeddable":true,"href":"https:\/\/galhardete.com.br\/index.php?rest_route=\/wp\/v2\/users\/1"}],"replies":[{"embeddable":true,"href":"https:\/\/galhardete.com.br\/index.php?rest_route=%2Fwp%2Fv2%2Fcomments&post=61"}],"version-history":[{"count":22,"href":"https:\/\/galhardete.com.br\/index.php?rest_route=\/wp\/v2\/pages\/61\/revisions"}],"predecessor-version":[{"id":690,"href":"https:\/\/galhardete.com.br\/index.php?rest_route=\/wp\/v2\/pages\/61\/revisions\/690"}],"wp:featuredmedia":[{"embeddable":true,"href":"https:\/\/galhardete.com.br\/index.php?rest_route=\/wp\/v2\/media\/456"}],"wp:attachment":[{"href":"https:\/\/galhardete.com.br\/index.php?rest_route=%2Fwp%2Fv2%2Fmedia&parent=61"}],"curies":[{"name":"wp","href":"https:\/\/api.w.org\/{rel}","templated":true}]}}